{"id":25,"date":"2018-04-18T06:46:25","date_gmt":"2018-04-18T06:46:25","guid":{"rendered":"https:\/\/indoor3d.net\/2016\/?page_id=25"},"modified":"2023-12-23T10:52:12","modified_gmt":"2023-12-23T10:52:12","slug":"committees","status":"publish","type":"page","link":"https:\/\/indoor3d.net\/2016\/committees\/","title":{"rendered":"Committees"},"content":{"rendered":"<h3>Chairs<\/h3>\n<p><strong>Umit Isikdag<\/strong>, Mimar Sinan Fine Arts University<\/span><\/p>\n<p><strong>George Sithole<\/strong>, University of Cape Town<\/span><\/p>\n<p><strong>Sisi Zlatanova<\/strong>, Delft University of Technology<\/span><\/p>\n<p><code>\u00a0<\/code><\/p>\n<h3>Scientific Committee<\/h3>\n<p><strong>Susanne Becker<\/strong>, University of Stuttgart, Germany<\/span><\/p>\n<p><strong>Pawel Boguslawsk<\/strong>, University of the West of England, United Kingdom<\/span><\/p>\n<p><strong>Eliseo Clementini<\/strong>, University of L&#8217;Aquila, Italy<\/span><\/p>\n<p><strong>Mahmoud Reza Delavar<\/strong>, School of Surveying and Geospatial Engineering, Iran<\/span><\/p>\n<p><strong>Abdoulaye Abou Diakit\u00e9<\/strong>, Delft University of Technology, The Netherlands<\/span><\/p>\n<p><strong>Ben Gorte<\/strong>, Delft University of Technology, The Netherlands<\/span><\/p>\n<p><strong>Eric Guilbert<\/strong>, Universit\u00e9 Laval, Canada<\/span><\/p>\n<p><strong>Ihab Hijazi<\/strong>, An-Najah National University, Palestine<\/span><\/p>\n<p><strong>Martin Kada<\/strong>, Technical University of Berlin, Germany<\/span><\/p>\n<p><strong>Zhizhong Kang<\/strong>, China University of Geosciences (Beijing), China<\/span><\/p>\n<p><strong>Margarita Kokla<\/strong>, National Technical University of Athens,\u00a0Greece<\/span><\/p>\n<p><strong>Ki-Joune Li<\/strong>, Pusan National University, South Korea<\/span><\/p>\n<p><strong>Amin Mobasheri<\/strong>, University of Heidelberg, Germany<\/span><\/p>\n<p><strong>Masafumi Nakagawa<\/strong>, Shibaura Institute of Technology, Japan<\/span><\/p>\n<p><strong>Ken Arroyo Ohori<\/strong>, Delft University of Technology, The Netherlands<\/span><\/p>\n<p><strong>Jorge Posada<\/strong>, VICOMTech, Spain<\/span><\/p>\n<p><strong>Stephan Winter<\/strong>, University of Melbourne, Australia<\/span><\/p>\n<p><strong>Luc\u00eda D\u00edaz Vilari\u00f1o<\/strong>, Universidad de Vigo, Spain<\/span><\/p>\n<p style=\"line-height:19.15pt;margin:0 0 18pt;\"><strong>Zhuqing Zhu<\/strong>, Wuhan university, China<\/span><\/p>\n","protected":false},"excerpt":{"rendered":"<p>Chairs Umit Isikdag, Mimar Sinan Fine Arts University George Sithole, University of Cape Town Sisi Zlatanova, Delft University of Technology \u00a0 Scientific Committee Susanne Becker, University of Stuttgart, Germany Pawel Boguslawsk, University of the West of England, United Kingdom Eliseo Clementini, University of L&#8217;Aquila, Italy Mahmoud Reza Delavar, School of Surveying and Geospatial Engineering, Iran &hellip; <a href=\"https:\/\/indoor3d.net\/2016\/committees\/\">Continue reading <span class=\"meta-nav\">&rarr;<\/span><\/a><\/p>\n","protected":false},"author":6,"featured_media":0,"parent":0,"menu_order":0,"comment_status":"closed","ping_status":"closed","template":"","meta":{"footnotes":""},"_links":{"self":[{"href":"https:\/\/indoor3d.net\/2016\/wp-json\/wp\/v2\/pages\/25"}],"collection":[{"href":"https:\/\/indoor3d.net\/2016\/wp-json\/wp\/v2\/pages"}],"about":[{"href":"https:\/\/indoor3d.net\/2016\/wp-json\/wp\/v2\/types\/page"}],"author":[{"embeddable":true,"href":"https:\/\/indoor3d.net\/2016\/wp-json\/wp\/v2\/users\/6"}],"replies":[{"embeddable":true,"href":"https:\/\/indoor3d.net\/2016\/wp-json\/wp\/v2\/comments?post=25"}],"version-history":[{"count":5,"href":"https:\/\/indoor3d.net\/2016\/wp-json\/wp\/v2\/pages\/25\/revisions"}],"predecessor-version":[{"id":94,"href":"https:\/\/indoor3d.net\/2016\/wp-json\/wp\/v2\/pages\/25\/revisions\/94"}],"wp:attachment":[{"href":"https:\/\/indoor3d.net\/2016\/wp-json\/wp\/v2\/media?parent=25"}],"curies":[{"name":"wp","href":"https:\/\/api.w.org\/{rel}","templated":true}]}}