{"id":44,"date":"2016-11-16T21:29:27","date_gmt":"2016-11-16T13:29:27","guid":{"rendered":"https:\/\/indoor3d.net\/2017\/?page_id=44"},"modified":"2018-09-27T10:13:45","modified_gmt":"2018-09-27T02:13:45","slug":"scientific-committee","status":"publish","type":"page","link":"https:\/\/indoor3d.net\/2017\/scientific-committee\/","title":{"rendered":"Scientific Committee"},"content":{"rendered":"<p>Abdoulaye Abou Diakit\u00e9, Delft University of Technology, The Netherlands<br \/>\nAntonio\u00a0 Ad\u00e1n Oliver, Universidad de Castilla La Mancha, Spain<br \/>\nBen Gorte, Delft University of Technology, The Netherlands<br \/>\nBeril Sirmacek, Delft University of Technology, The Netherlands<br \/>\nChristophe Claramunt, Naval Academy Research Institute, France<br \/>\nDavid S\u00e1nchez Rodr\u00edguez, University of Las Palmas de Gran Canaria, Spain<br \/>\nDerek Lichti, University of Calgary, Canada<br \/>\nEdward Verbree, Delft University of Technology, The Netherlands<br \/>\nEric Guilbert, Laval University, Canada<br \/>\nFilip Biljecki, Delft University of Technology, The Netherlands<br \/>\nGeorge Sithole, University of Cape Town, South Africa<br \/>\nGerhard Groeger, University of Bonn, Germany<br \/>\nGiuseppe Conti, Trilogis,Italy \u00a0 Nively, France<br \/>\nHiginio Gonz\u00e1lez-Jorge,University of Vigo,Spain<br \/>\nHiroyuki Miyazaki, The University of Tokyo, Japan<br \/>\nIhab Hidjazi, Institute for Geoinformatics and Remote Sensing\u2013IGF,University of Osnabrueck, Germany<br \/>\nJianga Shang, China University of Geosciences (Wuhan), National Engineering Research Center for Geographic Information Systems, China<br \/>\nJie Jiang, National Geomatics Center of China, China (ISPRS TC III)<br \/>\nJingbin Liu, Wuhan University, China<br \/>\nJoaqu\u00edn Mart\u00ednez-S\u00e1nchez ,University of Vigo,Spain<br \/>\nJun Zhu, Southwest Jiaotong University, China<br \/>\nKen Arroyo Ohori, Delft University of Technology, The Netherlands<br \/>\nKi-Joune Li, Department of Computer Science,Pusan National University, Korea<br \/>\nMahmoud Delavar, University of Tehran, Iran<br \/>\nMattia Previtali, Politecnico di Miano, Italy<br \/>\nMargarita Kokla, National Technical University of Athens, Greece<br \/>\nMaria Antonia Brovelli, Politecnico di Milano, Italy<br \/>\nMartin Breunig, Karlsruhe Institute of Technology, Germany<br \/>\nMartin Kada, Institute for Photogrammetry, Universit\u00e4t Stuttgart, Germany<br \/>\nMasafumi Nakagawa, Shibaura Institute of Technology, Japan<br \/>\nPawel Boguslawski, University of the West of England, UK<br \/>\nQing Zhu, Southwest Jiaotong University, China<br \/>\nRuisheng Wang, University of Calgary, Canada<br \/>\nSergio Ilarri, University of Zaragoza,Spain<br \/>\nSisi Zlatanova, Delft University of Technology, The Netherlands (ISPRS TC IV)<br \/>\nStephan Winter, The University of Melbourne, Australia<br \/>\nThomas Kolbe, Technische Universit\u00e4t M\u00fcnchen, Germany<br \/>\nSusanne Becker, University of Stuttgart, Germany<br \/>\nUmit Isikdag, Mimar Sinan Fine Arts University, Turkey<\/p>\n","protected":false},"excerpt":{"rendered":"<p>Abdoulaye Abou Diakit\u00e9, Delft University of Technology, The Netherlands Antonio\u00a0 Ad\u00e1n Oliver, Universidad de Castilla La Mancha, Spain Ben Gorte, Delft University of Technology, The Netherlands Beril Sirmacek, Delft University of Technology, The Netherlands Christophe Claramunt, Naval Academy Research Institute, &hellip; <a href=\"https:\/\/indoor3d.net\/2017\/scientific-committee\/\">Continue reading <span class=\"meta-nav\">&rarr;<\/span><\/a><\/p>\n","protected":false},"author":5,"featured_media":0,"parent":0,"menu_order":0,"comment_status":"closed","ping_status":"closed","template":"","meta":{"footnotes":""},"_links":{"self":[{"href":"https:\/\/indoor3d.net\/2017\/wp-json\/wp\/v2\/pages\/44"}],"collection":[{"href":"https:\/\/indoor3d.net\/2017\/wp-json\/wp\/v2\/pages"}],"about":[{"href":"https:\/\/indoor3d.net\/2017\/wp-json\/wp\/v2\/types\/page"}],"author":[{"embeddable":true,"href":"https:\/\/indoor3d.net\/2017\/wp-json\/wp\/v2\/users\/5"}],"replies":[{"embeddable":true,"href":"https:\/\/indoor3d.net\/2017\/wp-json\/wp\/v2\/comments?post=44"}],"version-history":[{"count":29,"href":"https:\/\/indoor3d.net\/2017\/wp-json\/wp\/v2\/pages\/44\/revisions"}],"predecessor-version":[{"id":192,"href":"https:\/\/indoor3d.net\/2017\/wp-json\/wp\/v2\/pages\/44\/revisions\/192"}],"wp:attachment":[{"href":"https:\/\/indoor3d.net\/2017\/wp-json\/wp\/v2\/media?parent=44"}],"curies":[{"name":"wp","href":"https:\/\/api.w.org\/{rel}","templated":true}]}}