{"id":23,"date":"2018-08-28T13:52:58","date_gmt":"2018-08-28T13:52:58","guid":{"rendered":"https:\/\/indoor3d.net\/2019\/?page_id=23"},"modified":"2018-10-29T04:57:36","modified_gmt":"2018-10-29T04:57:36","slug":"workshop-organization","status":"publish","type":"page","link":"https:\/\/indoor3d.net\/2019\/workshop-organization\/","title":{"rendered":"Workshop Organization"},"content":{"rendered":"<p><strong>Chair:<\/strong><br \/>\nZhizhong Kang, China University of Geosciences (IV\/5)<\/p>\n<p><strong>Co-chairs:<br \/>\n<\/strong>Kourosh Khoshelham, University of Melbourne (IV\/5)<br \/>\nLuc\u00eda D\u00edaz Vilari\u00f1o, University of Vigo (IV\/5)<br \/>\nCheng Wang, Xiamen University (I\/6)<br \/>\nStephan Nebiker, FHNW University of Applied Sciences and Arts Northwestern Switzerland (ICWG I\/IV)<br \/>\nVille Lehtola, Finnish Geospatial Research Institute (ICWG I\/IV)<br \/>\nKai-Wei Chiang, National Cheng Kung University (I\/7)<br \/>\nKi-Joune Li, Pusan University (OGC)<br \/>\nBart De Lathouwer, OGC Europe<\/p>\n<p><strong>Secretary:<\/strong><br \/>\nSagi Dalyot, Technion &#8211; Israel Institute of Technology (IV\/5)<\/p>\n","protected":false},"excerpt":{"rendered":"<p>Chair: Zhizhong Kang, China University of Geosciences (IV\/5) Co-chairs: Kourosh Khoshelham, University of Melbourne (IV\/5) Luc\u00eda D\u00edaz Vilari\u00f1o, University of Vigo (IV\/5) Cheng Wang, Xiamen University (I\/6) Stephan Nebiker, FHNW University of Applied Sciences and Arts Northwestern Switzerland (ICWG I\/IV) &hellip; <a href=\"https:\/\/indoor3d.net\/2019\/workshop-organization\/\">Continue reading <span class=\"meta-nav\">&rarr;<\/span><\/a><\/p>\n","protected":false},"author":5,"featured_media":0,"parent":0,"menu_order":0,"comment_status":"closed","ping_status":"closed","template":"","meta":{"footnotes":""},"_links":{"self":[{"href":"https:\/\/indoor3d.net\/2019\/wp-json\/wp\/v2\/pages\/23"}],"collection":[{"href":"https:\/\/indoor3d.net\/2019\/wp-json\/wp\/v2\/pages"}],"about":[{"href":"https:\/\/indoor3d.net\/2019\/wp-json\/wp\/v2\/types\/page"}],"author":[{"embeddable":true,"href":"https:\/\/indoor3d.net\/2019\/wp-json\/wp\/v2\/users\/5"}],"replies":[{"embeddable":true,"href":"https:\/\/indoor3d.net\/2019\/wp-json\/wp\/v2\/comments?post=23"}],"version-history":[{"count":6,"href":"https:\/\/indoor3d.net\/2019\/wp-json\/wp\/v2\/pages\/23\/revisions"}],"predecessor-version":[{"id":115,"href":"https:\/\/indoor3d.net\/2019\/wp-json\/wp\/v2\/pages\/23\/revisions\/115"}],"wp:attachment":[{"href":"https:\/\/indoor3d.net\/2019\/wp-json\/wp\/v2\/media?parent=23"}],"curies":[{"name":"wp","href":"https:\/\/api.w.org\/{rel}","templated":true}]}}